{"id":58,"date":"2020-08-12T05:16:40","date_gmt":"2020-08-12T05:16:40","guid":{"rendered":"http:\/\/itinc-demo.themesion.com\/?page_id=14985"},"modified":"2022-06-29T03:08:41","modified_gmt":"2022-06-29T03:08:41","slug":"servicios","status":"publish","type":"page","link":"https:\/\/bsdesarrollos.com.ar\/web\/servicios\/","title":{"rendered":"Servicios"},"content":{"rendered":"\t\t<div data-elementor-type=\"wp-page\" data-elementor-id=\"58\" class=\"elementor elementor-58\">\n\t\t\t\t\t\t<section class=\"elementor-section elementor-top-section elementor-element elementor-element-e00fb33 thsn-bg-color-yes thsn-elementor-bg-color-white thsn-col-stretched-none thsn-bg-color-over-image elementor-section-boxed elementor-section-height-default elementor-section-height-default\" data-id=\"e00fb33\" data-element_type=\"section\">\n\t\t\t\t\t\t<div class=\"elementor-container elementor-column-gap-no\">\n\t\t\t\t\t<div class=\"elementor-column elementor-col-100 elementor-top-column elementor-element elementor-element-96a4b33 thsn-bg-color-over-image\" data-id=\"96a4b33\" data-element_type=\"column\">\n\t\t\t<div class=\"elementor-widget-wrap elementor-element-populated\">\n\t\t\t\t\t\t<div class=\"elementor-element elementor-element-e7c5c52 elementor-widget elementor-widget-thsn_service_element\" data-id=\"e7c5c52\" data-element_type=\"widget\" data-widget_type=\"thsn_service_element.default\">\n\t\t\t\t<div class=\"elementor-widget-container\">\n\t\t\t\t\t\r\n\t\t<div class=\"themesion-element themesion-element-service thsn-element-service-style-1 themesion-element-viewtype-row-column themesion-gap-30px\" data-show=\"9\" data-columns=\"3\" data-loop=\"false\" data-autoplay=\"false\" data-center=\"false\" data-nav=\"false\" data-dots=\"false\" data-autoplayspeed=\"1000\" data-margin=\"30px\"><div class=\"themesion-element-inner\">\r\n\t\t\t\t\t\t<div class=\"thsn-ele-header-area\">\r\n\t\t\t\t\t\t<div class=\"thsn-heading-subheading \"><\/div>\t\t\t\t<\/div>\r\n\t\t\t\t\r\n\t\t\t<div class=\"thsn-row-parent\">\r\n\t\t\t\t<div class=\"thsn-element-posts-wrapper row multi-columns-row\">\r\n\r\n\t\t\t\t<article class=\"thsn-ele thsn-ele-service thsn-service-style-1 col-md-4 soporte thsn-term-27  \"><div class=\"themesion-post-item\">\r\n\t<div class=\"thsn-featured-wrapper\"><a href=\"https:\/\/bsdesarrollos.com.ar\/web\/service\/soporte-it\/\"><img fetchpriority=\"high\" decoding=\"async\" width=\"770\" height=\"500\" src=\"https:\/\/bsdesarrollos.com.ar\/web\/wp-content\/uploads\/2020\/06\/servicio2-770x500.jpg\" class=\"attachment-thsn-img-770x500 size-thsn-img-770x500 wp-post-image\" alt=\"\" \/><\/a><\/div>\t<div class=\"themesion-box-content\">\r\n\t\t\t<div class=\"thsn-service-icon-wrapper\">\r\n\t\t\t\t<i class=\"thsn-itinc-icon thsn-itinc-icon-customer-service\"><\/i>\t\t\t<\/div>\r\n\t\t<div class=\"themesion-box-content-inner\">\r\n\t\t<div class=\"thsn-service-cat\"><a href=\"https:\/\/bsdesarrollos.com.ar\/web\/service-category\/soporte\/\" rel=\"tag\">Soporte<\/a><\/div>\r\n\t\t\t<h3 class=\"thsn-service-title\"><a href=\"https:\/\/bsdesarrollos.com.ar\/web\/service\/soporte-it\/\">Soporte IT<\/a><\/h3>\r\n\t\t\t\t\t\t<div class=\"thsn-service-content\"><p>En BsDesarrollos brindamos asistencia t\u00e9cnica en el \u00e1rea de inform\u00e1tica para resolver los inconvenientes que puedas tener con tus equipos en tu empresa<\/p>\n<\/div>\r\n\t\t\t\t\t<\/div>\r\n\t<\/div>\r\n<\/div><\/article><article class=\"thsn-ele thsn-ele-service thsn-service-style-1 col-md-4 soporte thsn-term-27  \"><div class=\"themesion-post-item\">\r\n\t<div class=\"thsn-featured-wrapper\"><a href=\"https:\/\/bsdesarrollos.com.ar\/web\/service\/redes\/\"><img decoding=\"async\" width=\"770\" height=\"500\" src=\"https:\/\/bsdesarrollos.com.ar\/web\/wp-content\/uploads\/2020\/06\/servicio1-770x500.jpg\" class=\"attachment-thsn-img-770x500 size-thsn-img-770x500 wp-post-image\" alt=\"\" \/><\/a><\/div>\t<div class=\"themesion-box-content\">\r\n\t\t\t<div class=\"thsn-service-icon-wrapper\">\r\n\t\t\t\t<i class=\"thsn-itinc-icon thsn-itinc-icon-server-1\"><\/i>\t\t\t<\/div>\r\n\t\t<div class=\"themesion-box-content-inner\">\r\n\t\t<div class=\"thsn-service-cat\"><a href=\"https:\/\/bsdesarrollos.com.ar\/web\/service-category\/soporte\/\" rel=\"tag\">Soporte<\/a><\/div>\r\n\t\t\t<h3 class=\"thsn-service-title\"><a href=\"https:\/\/bsdesarrollos.com.ar\/web\/service\/redes\/\">Redes<\/a><\/h3>\r\n\t\t\t\t\t\t<div class=\"thsn-service-content\"><p>Las redes de datos corporativas actuales se definen por el nivel de servicios que se puede ofrecer sobre las mismas con las m\u00e1ximas garant\u00edas de calidad. <\/p>\n<\/div>\r\n\t\t\t\t\t<\/div>\r\n\t<\/div>\r\n<\/div><\/article><article class=\"thsn-ele thsn-ele-service thsn-service-style-1 col-md-4 consultoria thsn-term-26  \"><div class=\"themesion-post-item\">\r\n\t<div class=\"thsn-featured-wrapper\"><a href=\"https:\/\/bsdesarrollos.com.ar\/web\/service\/consultoria-de-qa\/\"><img decoding=\"async\" width=\"770\" height=\"500\" src=\"https:\/\/bsdesarrollos.com.ar\/web\/wp-content\/uploads\/2020\/06\/servicio3-1-770x500.jpg\" class=\"attachment-thsn-img-770x500 size-thsn-img-770x500 wp-post-image\" alt=\"\" \/><\/a><\/div>\t<div class=\"themesion-box-content\">\r\n\t\t\t<div class=\"thsn-service-icon-wrapper\">\r\n\t\t\t\t<i class=\"thsn-itinc-icon thsn-itinc-icon-graph\"><\/i>\t\t\t<\/div>\r\n\t\t<div class=\"themesion-box-content-inner\">\r\n\t\t<div class=\"thsn-service-cat\"><a href=\"https:\/\/bsdesarrollos.com.ar\/web\/service-category\/consultoria\/\" rel=\"tag\">Consultoria<\/a><\/div>\r\n\t\t\t<h3 class=\"thsn-service-title\"><a href=\"https:\/\/bsdesarrollos.com.ar\/web\/service\/consultoria-de-qa\/\">Consultor\u00eda de QA<\/a><\/h3>\r\n\t\t\t\t\t\t<div class=\"thsn-service-content\"><p>La calidad del testing depende en gran medida del conocimiento y de la experiencia de los consultores que prestan el servicio. Nuestro servicio asegura la mejor calidad.<\/p>\n<\/div>\r\n\t\t\t\t\t<\/div>\r\n\t<\/div>\r\n<\/div><\/article><article class=\"thsn-ele thsn-ele-service thsn-service-style-1 col-md-4 seguridad thsn-term-28  \"><div class=\"themesion-post-item\">\r\n\t<div class=\"thsn-featured-wrapper\"><a href=\"https:\/\/bsdesarrollos.com.ar\/web\/service\/camaras-de-seguridad\/\"><img loading=\"lazy\" decoding=\"async\" width=\"770\" height=\"500\" src=\"https:\/\/bsdesarrollos.com.ar\/web\/wp-content\/uploads\/2020\/06\/servicio4-770x500.jpg\" class=\"attachment-thsn-img-770x500 size-thsn-img-770x500 wp-post-image\" alt=\"\" \/><\/a><\/div>\t<div class=\"themesion-box-content\">\r\n\t\t\t<div class=\"thsn-service-icon-wrapper\">\r\n\t\t\t\t<i class=\"thsn-itinc-icon thsn-itinc-icon-antivirus\"><\/i>\t\t\t<\/div>\r\n\t\t<div class=\"themesion-box-content-inner\">\r\n\t\t<div class=\"thsn-service-cat\"><a href=\"https:\/\/bsdesarrollos.com.ar\/web\/service-category\/seguridad\/\" rel=\"tag\">Seguridad<\/a><\/div>\r\n\t\t\t<h3 class=\"thsn-service-title\"><a href=\"https:\/\/bsdesarrollos.com.ar\/web\/service\/camaras-de-seguridad\/\">C\u00e1maras de Seguridad<\/a><\/h3>\r\n\t\t\t\t\t\t<div class=\"thsn-service-content\"><p>Comercializamos e instalamos c\u00e1maras de seguridad  residenciales, comerciales y profesionales en todas sus gamas. Todos los productos cuentan con garant\u00eda.<\/p>\n<\/div>\r\n\t\t\t\t\t<\/div>\r\n\t<\/div>\r\n<\/div><\/article><article class=\"thsn-ele thsn-ele-service thsn-service-style-1 col-md-4 telefonia thsn-term-29  \"><div class=\"themesion-post-item\">\r\n\t<div class=\"thsn-featured-wrapper\"><a href=\"https:\/\/bsdesarrollos.com.ar\/web\/service\/telefonia-ip\/\"><img loading=\"lazy\" decoding=\"async\" width=\"770\" height=\"500\" src=\"https:\/\/bsdesarrollos.com.ar\/web\/wp-content\/uploads\/2020\/06\/servicio5-770x500.jpg\" class=\"attachment-thsn-img-770x500 size-thsn-img-770x500 wp-post-image\" alt=\"\" \/><\/a><\/div>\t<div class=\"themesion-box-content\">\r\n\t\t\t<div class=\"thsn-service-icon-wrapper\">\r\n\t\t\t\t<i class=\"thsn-itinc-icon thsn-itinc-icon-phone-call\"><\/i>\t\t\t<\/div>\r\n\t\t<div class=\"themesion-box-content-inner\">\r\n\t\t<div class=\"thsn-service-cat\"><a href=\"https:\/\/bsdesarrollos.com.ar\/web\/service-category\/telefonia\/\" rel=\"tag\">Telefonia<\/a><\/div>\r\n\t\t\t<h3 class=\"thsn-service-title\"><a href=\"https:\/\/bsdesarrollos.com.ar\/web\/service\/telefonia-ip\/\">Telefonia IP<\/a><\/h3>\r\n\t\t\t\t\t\t<div class=\"thsn-service-content\"><p>La telefon\u00eda IP se est\u00e1 convirtiendo en la forma de comunicaci\u00f3n m\u00e1s utilizada por las empresas, sustituyendo a los sistemas telef\u00f3nicos tradicionales. <\/p>\n<\/div>\r\n\t\t\t\t\t<\/div>\r\n\t<\/div>\r\n<\/div><\/article>\r\n\t\t\t\t<\/div>\r\n\t\t\t<\/div>\r\n\r\n\t\t\t\r\n\t\t\t\r\n\t\t\r\n\t\t<\/div><!-- .themesion-element-inner -->   <\/div><!-- .themesion-element -->  \r\n\t    \t\t\t\t<\/div>\n\t\t\t\t<\/div>\n\t\t\t\t\t<\/div>\n\t\t<\/div>\n\t\t\t\t\t<\/div>\n\t\t<\/section>\n\t\t\t\t<\/div>\n\t\t","protected":false},"excerpt":{"rendered":"<p>Strategies Infrastructure Plan Give the best quality of security systems and facility of latest technology for the people get security. Web Design Data Structuring Give the best quality of security systems and facility of latest technology for the people get security. IT Security IT Consultancy Give the best quality of security systems and facility of latest technology for the people get security. Software Marketing Strategy Give the best quality of[&hellip;]<\/p>\n","protected":false},"author":2,"featured_media":0,"parent":0,"menu_order":14,"comment_status":"closed","ping_status":"closed","template":"","meta":{"_acf_changed":false,"footnotes":""},"class_list":["post-58","page","type-page","status-publish","hentry"],"acf":[],"yoast_head":"<!-- This site is optimized with the Yoast SEO plugin v25.4 - https:\/\/yoast.com\/wordpress\/plugins\/seo\/ -->\n<title>Servicios de Soporte IT - BsDesarrollos<\/title>\n<meta name=\"description\" content=\"Servicios de Soporte IT. Cobertura a todas las necesidades de soporte t\u00e9cnico de computadoras y equipos de manera inmediata,\" \/>\n<meta name=\"robots\" content=\"index, follow, max-snippet:-1, max-image-preview:large, max-video-preview:-1\" \/>\n<link rel=\"canonical\" href=\"https:\/\/bsdesarrollos.com.ar\/web\/servicios\/\" \/>\n<meta property=\"og:locale\" content=\"es_ES\" \/>\n<meta property=\"og:type\" content=\"article\" \/>\n<meta property=\"og:title\" content=\"Servicios de Soporte IT - BsDesarrollos\" \/>\n<meta property=\"og:description\" content=\"Servicios de Soporte IT. Cobertura a todas las necesidades de soporte t\u00e9cnico de computadoras y equipos de manera inmediata,\" \/>\n<meta property=\"og:url\" content=\"https:\/\/bsdesarrollos.com.ar\/web\/servicios\/\" \/>\n<meta property=\"og:site_name\" content=\"BsDesarrollos\" \/>\n<meta property=\"article:modified_time\" content=\"2022-06-29T03:08:41+00:00\" \/>\n<meta property=\"og:image\" content=\"http:\/\/bsdesarrollos.com.ar\/web\/wp-content\/uploads\/2020\/06\/img-01-770x500.jpg\" \/>\n<meta name=\"twitter:card\" content=\"summary_large_image\" \/>\n<meta name=\"twitter:label1\" content=\"Tiempo de lectura\" \/>\n\t<meta name=\"twitter:data1\" content=\"3 minutos\" \/>\n<script type=\"application\/ld+json\" class=\"yoast-schema-graph\">{\"@context\":\"https:\/\/schema.org\",\"@graph\":[{\"@type\":\"WebPage\",\"@id\":\"https:\/\/bsdesarrollos.com.ar\/web\/servicios\/\",\"url\":\"https:\/\/bsdesarrollos.com.ar\/web\/servicios\/\",\"name\":\"Servicios de Soporte IT - BsDesarrollos\",\"isPartOf\":{\"@id\":\"https:\/\/bsdesarrollos.com.ar\/web\/#website\"},\"primaryImageOfPage\":{\"@id\":\"https:\/\/bsdesarrollos.com.ar\/web\/servicios\/#primaryimage\"},\"image\":{\"@id\":\"https:\/\/bsdesarrollos.com.ar\/web\/servicios\/#primaryimage\"},\"thumbnailUrl\":\"http:\/\/bsdesarrollos.com.ar\/web\/wp-content\/uploads\/2020\/06\/img-01-770x500.jpg\",\"datePublished\":\"2020-08-12T05:16:40+00:00\",\"dateModified\":\"2022-06-29T03:08:41+00:00\",\"description\":\"Servicios de Soporte IT. Cobertura a todas las necesidades de soporte t\u00e9cnico de computadoras y equipos de manera inmediata,\",\"inLanguage\":\"es-AR\",\"potentialAction\":[{\"@type\":\"ReadAction\",\"target\":[\"https:\/\/bsdesarrollos.com.ar\/web\/servicios\/\"]}]},{\"@type\":\"ImageObject\",\"inLanguage\":\"es-AR\",\"@id\":\"https:\/\/bsdesarrollos.com.ar\/web\/servicios\/#primaryimage\",\"url\":\"http:\/\/bsdesarrollos.com.ar\/web\/wp-content\/uploads\/2020\/06\/img-01-770x500.jpg\",\"contentUrl\":\"http:\/\/bsdesarrollos.com.ar\/web\/wp-content\/uploads\/2020\/06\/img-01-770x500.jpg\"},{\"@type\":\"WebSite\",\"@id\":\"https:\/\/bsdesarrollos.com.ar\/web\/#website\",\"url\":\"https:\/\/bsdesarrollos.com.ar\/web\/\",\"name\":\"BsDesarrollos\",\"description\":\"Soporte T\u00e9cnico IT\",\"potentialAction\":[{\"@type\":\"SearchAction\",\"target\":{\"@type\":\"EntryPoint\",\"urlTemplate\":\"https:\/\/bsdesarrollos.com.ar\/web\/?s={search_term_string}\"},\"query-input\":{\"@type\":\"PropertyValueSpecification\",\"valueRequired\":true,\"valueName\":\"search_term_string\"}}],\"inLanguage\":\"es-AR\"}]}<\/script>\n<!-- \/ Yoast SEO plugin. -->","yoast_head_json":{"title":"Servicios de Soporte IT - BsDesarrollos","description":"Servicios de Soporte IT. Cobertura a todas las necesidades de soporte t\u00e9cnico de computadoras y equipos de manera inmediata,","robots":{"index":"index","follow":"follow","max-snippet":"max-snippet:-1","max-image-preview":"max-image-preview:large","max-video-preview":"max-video-preview:-1"},"canonical":"https:\/\/bsdesarrollos.com.ar\/web\/servicios\/","og_locale":"es_ES","og_type":"article","og_title":"Servicios de Soporte IT - BsDesarrollos","og_description":"Servicios de Soporte IT. Cobertura a todas las necesidades de soporte t\u00e9cnico de computadoras y equipos de manera inmediata,","og_url":"https:\/\/bsdesarrollos.com.ar\/web\/servicios\/","og_site_name":"BsDesarrollos","article_modified_time":"2022-06-29T03:08:41+00:00","og_image":[{"url":"http:\/\/bsdesarrollos.com.ar\/web\/wp-content\/uploads\/2020\/06\/img-01-770x500.jpg","type":"","width":"","height":""}],"twitter_card":"summary_large_image","twitter_misc":{"Tiempo de lectura":"3 minutos"},"schema":{"@context":"https:\/\/schema.org","@graph":[{"@type":"WebPage","@id":"https:\/\/bsdesarrollos.com.ar\/web\/servicios\/","url":"https:\/\/bsdesarrollos.com.ar\/web\/servicios\/","name":"Servicios de Soporte IT - BsDesarrollos","isPartOf":{"@id":"https:\/\/bsdesarrollos.com.ar\/web\/#website"},"primaryImageOfPage":{"@id":"https:\/\/bsdesarrollos.com.ar\/web\/servicios\/#primaryimage"},"image":{"@id":"https:\/\/bsdesarrollos.com.ar\/web\/servicios\/#primaryimage"},"thumbnailUrl":"http:\/\/bsdesarrollos.com.ar\/web\/wp-content\/uploads\/2020\/06\/img-01-770x500.jpg","datePublished":"2020-08-12T05:16:40+00:00","dateModified":"2022-06-29T03:08:41+00:00","description":"Servicios de Soporte IT. Cobertura a todas las necesidades de soporte t\u00e9cnico de computadoras y equipos de manera inmediata,","inLanguage":"es-AR","potentialAction":[{"@type":"ReadAction","target":["https:\/\/bsdesarrollos.com.ar\/web\/servicios\/"]}]},{"@type":"ImageObject","inLanguage":"es-AR","@id":"https:\/\/bsdesarrollos.com.ar\/web\/servicios\/#primaryimage","url":"http:\/\/bsdesarrollos.com.ar\/web\/wp-content\/uploads\/2020\/06\/img-01-770x500.jpg","contentUrl":"http:\/\/bsdesarrollos.com.ar\/web\/wp-content\/uploads\/2020\/06\/img-01-770x500.jpg"},{"@type":"WebSite","@id":"https:\/\/bsdesarrollos.com.ar\/web\/#website","url":"https:\/\/bsdesarrollos.com.ar\/web\/","name":"BsDesarrollos","description":"Soporte T\u00e9cnico IT","potentialAction":[{"@type":"SearchAction","target":{"@type":"EntryPoint","urlTemplate":"https:\/\/bsdesarrollos.com.ar\/web\/?s={search_term_string}"},"query-input":{"@type":"PropertyValueSpecification","valueRequired":true,"valueName":"search_term_string"}}],"inLanguage":"es-AR"}]}},"_links":{"self":[{"href":"https:\/\/bsdesarrollos.com.ar\/web\/wp-json\/wp\/v2\/pages\/58","targetHints":{"allow":["GET"]}}],"collection":[{"href":"https:\/\/bsdesarrollos.com.ar\/web\/wp-json\/wp\/v2\/pages"}],"about":[{"href":"https:\/\/bsdesarrollos.com.ar\/web\/wp-json\/wp\/v2\/types\/page"}],"author":[{"embeddable":true,"href":"https:\/\/bsdesarrollos.com.ar\/web\/wp-json\/wp\/v2\/users\/2"}],"replies":[{"embeddable":true,"href":"https:\/\/bsdesarrollos.com.ar\/web\/wp-json\/wp\/v2\/comments?post=58"}],"version-history":[{"count":3,"href":"https:\/\/bsdesarrollos.com.ar\/web\/wp-json\/wp\/v2\/pages\/58\/revisions"}],"predecessor-version":[{"id":772,"href":"https:\/\/bsdesarrollos.com.ar\/web\/wp-json\/wp\/v2\/pages\/58\/revisions\/772"}],"wp:attachment":[{"href":"https:\/\/bsdesarrollos.com.ar\/web\/wp-json\/wp\/v2\/media?parent=58"}],"curies":[{"name":"wp","href":"https:\/\/api.w.org\/{rel}","templated":true}]}}