{"id":60,"date":"2020-06-08T03:54:14","date_gmt":"2020-06-08T03:54:14","guid":{"rendered":"http:\/\/itinc.themesion.com\/demo1\/?page_id=13061"},"modified":"2022-06-30T13:13:03","modified_gmt":"2022-06-30T13:13:03","slug":"preguntas-frecuentes","status":"publish","type":"page","link":"https:\/\/bsdesarrollos.com.ar\/web\/preguntas-frecuentes\/","title":{"rendered":"Preguntas Frecuentes"},"content":{"rendered":"\t\t<div data-elementor-type=\"wp-page\" data-elementor-id=\"60\" class=\"elementor elementor-60\">\n\t\t\t\t\t\t<section class=\"elementor-section elementor-top-section elementor-element elementor-element-5481621 thsn-bg-color-yes thsn-elementor-bg-color-white thsn-col-stretched-none thsn-bg-color-over-image elementor-section-boxed elementor-section-height-default elementor-section-height-default\" data-id=\"5481621\" data-element_type=\"section\">\n\t\t\t\t\t\t<div class=\"elementor-container elementor-column-gap-no\">\n\t\t\t\t\t<div class=\"elementor-column elementor-col-100 elementor-top-column elementor-element elementor-element-96426c2 thsn-bg-color-over-image\" data-id=\"96426c2\" data-element_type=\"column\">\n\t\t\t<div class=\"elementor-widget-wrap elementor-element-populated\">\n\t\t\t\t\t\t<div class=\"elementor-element elementor-element-0de37b9 thsn-align-center elementor-widget elementor-widget-thsn_heading\" data-id=\"0de37b9\" data-element_type=\"widget\" data-widget_type=\"thsn_heading.default\">\n\t\t\t\t<div class=\"elementor-widget-container\">\n\t\t\t\t\t\t<div class=\"thsn-heading-subheading center-align thsn-reverse-heading-yes\"><h4 class=\"thsn-element-subtitle\">\r\n\t\t\t\r\n\t\t\t\tinformaci\u00f3n de su interes\r\n\t\t\t\r\n\t\t\t<\/h4>\r\n\t\t<h2 class=\"thsn-element-title\">\r\n\t\t\t\r\n\t\t\t\tPreguntas frecuentes\r\n\t\t\t\r\n\t\t\t<\/h2>\r\n\t\t<div class=\"thsn-heading-desc\">Encontrar\u00e1 respuestas sobre nuestras tecnolog\u00edas de soporte y servicio de manteniemiento IT. <br>No dude en contactarnos si no obtiene la respuesta a su pregunta a continuaci\u00f3n.<\/div><\/div>\t\t\t\t<\/div>\n\t\t\t\t<\/div>\n\t\t\t\t<div class=\"elementor-section elementor-inner-section elementor-element elementor-element-445e59b thsn-col-stretched-none thsn-bg-color-over-image elementor-section-boxed elementor-section-height-default elementor-section-height-default\" data-id=\"445e59b\" data-element_type=\"section\">\n\t\t\t\t\t\t<div class=\"elementor-container elementor-column-gap-no\">\n\t\t\t\t\t<div class=\"elementor-column elementor-col-100 elementor-inner-column elementor-element elementor-element-fa09216 thsn-bg-color-over-image\" data-id=\"fa09216\" data-element_type=\"column\">\n\t\t\t<div class=\"elementor-widget-wrap elementor-element-populated\">\n\t\t\t\t\t\t<div class=\"elementor-element elementor-element-d39114d themesion-accordion-shadow elementor-widget elementor-widget-accordion\" data-id=\"d39114d\" data-element_type=\"widget\" data-widget_type=\"accordion.default\">\n\t\t\t\t<div class=\"elementor-widget-container\">\n\t\t\t\t\t\t\t<div class=\"elementor-accordion\">\n\t\t\t\t\t\t\t<div class=\"elementor-accordion-item\">\n\t\t\t\t\t<div id=\"elementor-tab-title-2211\" class=\"elementor-tab-title\" data-tab=\"1\" role=\"button\" aria-controls=\"elementor-tab-content-2211\" aria-expanded=\"false\">\n\t\t\t\t\t\t\t\t\t\t\t\t\t<span class=\"elementor-accordion-icon elementor-accordion-icon-left\" aria-hidden=\"true\">\n\t\t\t\t\t\t\t\t\t\t\t\t\t\t\t<span class=\"elementor-accordion-icon-closed\"><i class=\"fas fa-plus\"><\/i><\/span>\n\t\t\t\t\t\t\t\t<span class=\"elementor-accordion-icon-opened\"><i class=\"fas fa-minus\"><\/i><\/span>\n\t\t\t\t\t\t\t\t\t\t\t\t\t\t<\/span>\n\t\t\t\t\t\t\t\t\t\t\t\t<a class=\"elementor-accordion-title\" tabindex=\"0\"><span>01.<\/span> \u00bfComo hago para contratarlos?<\/a>\n\t\t\t\t\t<\/div>\n\t\t\t\t\t<div id=\"elementor-tab-content-2211\" class=\"elementor-tab-content elementor-clearfix\" data-tab=\"1\" role=\"region\" aria-labelledby=\"elementor-tab-title-2211\"><div id=\"elementor-tab-content-2081\" class=\"elementor-tab-content elementor-clearfix elementor-active\" role=\"tabpanel\" data-tab=\"1\" aria-labelledby=\"elementor-tab-title-2081\"><p>Contamos con diversas v\u00edas de contacto. Nos puede contactar enviando un mail a info@bsdesarrollos.com.ar o a nuestro Whatsapp: 1167903131.<\/p><p>Tambi\u00e9n puede consultarnos en forma directa a trav\u00e9s del chat del sitio web<\/p><\/div><\/div>\n\t\t\t\t<\/div>\n\t\t\t\t\t\t\t<div class=\"elementor-accordion-item\">\n\t\t\t\t\t<div id=\"elementor-tab-title-2212\" class=\"elementor-tab-title\" data-tab=\"2\" role=\"button\" aria-controls=\"elementor-tab-content-2212\" aria-expanded=\"false\">\n\t\t\t\t\t\t\t\t\t\t\t\t\t<span class=\"elementor-accordion-icon elementor-accordion-icon-left\" aria-hidden=\"true\">\n\t\t\t\t\t\t\t\t\t\t\t\t\t\t\t<span class=\"elementor-accordion-icon-closed\"><i class=\"fas fa-plus\"><\/i><\/span>\n\t\t\t\t\t\t\t\t<span class=\"elementor-accordion-icon-opened\"><i class=\"fas fa-minus\"><\/i><\/span>\n\t\t\t\t\t\t\t\t\t\t\t\t\t\t<\/span>\n\t\t\t\t\t\t\t\t\t\t\t\t<a class=\"elementor-accordion-title\" tabindex=\"0\"><span>02.<\/span> \u00bfCuentan con distintos planes mensuales?<\/a>\n\t\t\t\t\t<\/div>\n\t\t\t\t\t<div id=\"elementor-tab-content-2212\" class=\"elementor-tab-content elementor-clearfix\" data-tab=\"2\" role=\"region\" aria-labelledby=\"elementor-tab-title-2212\"><p>Si. Contamos con diferentes planes mensuales que abarcan el soporte remoto, presencial y guardias 24hs. Los planes son adaptables seg\u00fan la necesidad de cada cliente.<\/p><\/div>\n\t\t\t\t<\/div>\n\t\t\t\t\t\t\t<div class=\"elementor-accordion-item\">\n\t\t\t\t\t<div id=\"elementor-tab-title-2213\" class=\"elementor-tab-title\" data-tab=\"3\" role=\"button\" aria-controls=\"elementor-tab-content-2213\" aria-expanded=\"false\">\n\t\t\t\t\t\t\t\t\t\t\t\t\t<span class=\"elementor-accordion-icon elementor-accordion-icon-left\" aria-hidden=\"true\">\n\t\t\t\t\t\t\t\t\t\t\t\t\t\t\t<span class=\"elementor-accordion-icon-closed\"><i class=\"fas fa-plus\"><\/i><\/span>\n\t\t\t\t\t\t\t\t<span class=\"elementor-accordion-icon-opened\"><i class=\"fas fa-minus\"><\/i><\/span>\n\t\t\t\t\t\t\t\t\t\t\t\t\t\t<\/span>\n\t\t\t\t\t\t\t\t\t\t\t\t<a class=\"elementor-accordion-title\" tabindex=\"0\"><span>03.<\/span> \u00bfPueden venir en forma presencial a mi empresa?<\/a>\n\t\t\t\t\t<\/div>\n\t\t\t\t\t<div id=\"elementor-tab-content-2213\" class=\"elementor-tab-content elementor-clearfix\" data-tab=\"3\" role=\"region\" aria-labelledby=\"elementor-tab-title-2213\"><p>Si, contamos con soporte t\u00e9cnico presencial en CABA Y GBA.<\/p><\/div>\n\t\t\t\t<\/div>\n\t\t\t\t\t\t\t<div class=\"elementor-accordion-item\">\n\t\t\t\t\t<div id=\"elementor-tab-title-2214\" class=\"elementor-tab-title\" data-tab=\"4\" role=\"button\" aria-controls=\"elementor-tab-content-2214\" aria-expanded=\"false\">\n\t\t\t\t\t\t\t\t\t\t\t\t\t<span class=\"elementor-accordion-icon elementor-accordion-icon-left\" aria-hidden=\"true\">\n\t\t\t\t\t\t\t\t\t\t\t\t\t\t\t<span class=\"elementor-accordion-icon-closed\"><i class=\"fas fa-plus\"><\/i><\/span>\n\t\t\t\t\t\t\t\t<span class=\"elementor-accordion-icon-opened\"><i class=\"fas fa-minus\"><\/i><\/span>\n\t\t\t\t\t\t\t\t\t\t\t\t\t\t<\/span>\n\t\t\t\t\t\t\t\t\t\t\t\t<a class=\"elementor-accordion-title\" tabindex=\"0\"><span>04.<\/span> Soy del interior del pa\u00eds \u00bfPuedo solicitar sus servicios?<\/a>\n\t\t\t\t\t<\/div>\n\t\t\t\t\t<div id=\"elementor-tab-content-2214\" class=\"elementor-tab-content elementor-clearfix\" data-tab=\"4\" role=\"region\" aria-labelledby=\"elementor-tab-title-2214\"><p>Si, brindamos servicio a todo el pa\u00eds de manera remota. En caso de necesitar asistencia presencial, tenemos soporte en algunas ciudades del interior.<\/p><\/div>\n\t\t\t\t<\/div>\n\t\t\t\t\t\t\t<div class=\"elementor-accordion-item\">\n\t\t\t\t\t<div id=\"elementor-tab-title-2215\" class=\"elementor-tab-title\" data-tab=\"5\" role=\"button\" aria-controls=\"elementor-tab-content-2215\" aria-expanded=\"false\">\n\t\t\t\t\t\t\t\t\t\t\t\t\t<span class=\"elementor-accordion-icon elementor-accordion-icon-left\" aria-hidden=\"true\">\n\t\t\t\t\t\t\t\t\t\t\t\t\t\t\t<span class=\"elementor-accordion-icon-closed\"><i class=\"fas fa-plus\"><\/i><\/span>\n\t\t\t\t\t\t\t\t<span class=\"elementor-accordion-icon-opened\"><i class=\"fas fa-minus\"><\/i><\/span>\n\t\t\t\t\t\t\t\t\t\t\t\t\t\t<\/span>\n\t\t\t\t\t\t\t\t\t\t\t\t<a class=\"elementor-accordion-title\" tabindex=\"0\"><span>05.<\/span> \u00bfTienen algun l\u00edmite de horas?<\/a>\n\t\t\t\t\t<\/div>\n\t\t\t\t\t<div id=\"elementor-tab-content-2215\" class=\"elementor-tab-content elementor-clearfix\" data-tab=\"5\" role=\"region\" aria-labelledby=\"elementor-tab-title-2215\"><p>No tenemos l\u00edmites de hora. No se cobra adicionales del abono pactado en el inicio del servicio de soporte IT.<\/p><\/div>\n\t\t\t\t<\/div>\n\t\t\t\t\t\t\t\t<\/div>\n\t\t\t\t\t\t<\/div>\n\t\t\t\t<\/div>\n\t\t\t\t\t<\/div>\n\t\t<\/div>\n\t\t\t\t\t<\/div>\n\t\t<\/div>\n\t\t\t\t\t<\/div>\n\t\t<\/div>\n\t\t\t\t\t<\/div>\n\t\t<\/section>\n\t\t\t\t<\/div>\n\t\t","protected":false},"excerpt":{"rendered":"<p>informaci\u00f3n de su interes Preguntas frecuentes Encontrar\u00e1 respuestas sobre nuestras tecnolog\u00edas de soporte y servicio de manteniemiento IT. No dude en contactarnos si no obtiene la respuesta a su pregunta a continuaci\u00f3n. 01. \u00bfComo hago para contratarlos? Contamos con diversas v\u00edas de contacto. Nos puede contactar enviando un mail a info@bsdesarrollos.com.ar o a nuestro Whatsapp: 1167903131. Tambi\u00e9n puede consultarnos en forma directa a trav\u00e9s del chat del sitio web 02.[&hellip;]<\/p>\n","protected":false},"author":2,"featured_media":0,"parent":0,"menu_order":13,"comment_status":"closed","ping_status":"closed","template":"","meta":{"_acf_changed":false,"footnotes":""},"class_list":["post-60","page","type-page","status-publish","hentry"],"acf":[],"yoast_head":"<!-- This site is optimized with the Yoast SEO plugin v25.4 - https:\/\/yoast.com\/wordpress\/plugins\/seo\/ -->\n<title>Preguntas Frecuentes - BsDesarrollos<\/title>\n<meta name=\"description\" content=\"El soporte t\u00e9cnico PyME es una soluci\u00f3n integral a cualquier imprevisto o problema que pueda surgir en el d\u00eda a d\u00eda de su empresa\" \/>\n<meta name=\"robots\" content=\"index, follow, max-snippet:-1, max-image-preview:large, max-video-preview:-1\" \/>\n<link rel=\"canonical\" href=\"https:\/\/bsdesarrollos.com.ar\/web\/preguntas-frecuentes\/\" \/>\n<meta property=\"og:locale\" content=\"es_ES\" \/>\n<meta property=\"og:type\" content=\"article\" \/>\n<meta property=\"og:title\" content=\"Preguntas Frecuentes - BsDesarrollos\" \/>\n<meta property=\"og:description\" content=\"El soporte t\u00e9cnico PyME es una soluci\u00f3n integral a cualquier imprevisto o problema que pueda surgir en el d\u00eda a d\u00eda de su empresa\" \/>\n<meta property=\"og:url\" content=\"https:\/\/bsdesarrollos.com.ar\/web\/preguntas-frecuentes\/\" \/>\n<meta property=\"og:site_name\" content=\"BsDesarrollos\" \/>\n<meta property=\"article:modified_time\" content=\"2022-06-30T13:13:03+00:00\" \/>\n<meta name=\"twitter:card\" content=\"summary_large_image\" \/>\n<meta name=\"twitter:label1\" content=\"Tiempo de lectura\" \/>\n\t<meta name=\"twitter:data1\" content=\"1 minuto\" \/>\n<script type=\"application\/ld+json\" class=\"yoast-schema-graph\">{\"@context\":\"https:\/\/schema.org\",\"@graph\":[{\"@type\":\"WebPage\",\"@id\":\"https:\/\/bsdesarrollos.com.ar\/web\/preguntas-frecuentes\/\",\"url\":\"https:\/\/bsdesarrollos.com.ar\/web\/preguntas-frecuentes\/\",\"name\":\"Preguntas Frecuentes - BsDesarrollos\",\"isPartOf\":{\"@id\":\"https:\/\/bsdesarrollos.com.ar\/web\/#website\"},\"datePublished\":\"2020-06-08T03:54:14+00:00\",\"dateModified\":\"2022-06-30T13:13:03+00:00\",\"description\":\"El soporte t\u00e9cnico PyME es una soluci\u00f3n integral a cualquier imprevisto o problema que pueda surgir en el d\u00eda a d\u00eda de su empresa\",\"inLanguage\":\"es-AR\",\"potentialAction\":[{\"@type\":\"ReadAction\",\"target\":[\"https:\/\/bsdesarrollos.com.ar\/web\/preguntas-frecuentes\/\"]}]},{\"@type\":\"WebSite\",\"@id\":\"https:\/\/bsdesarrollos.com.ar\/web\/#website\",\"url\":\"https:\/\/bsdesarrollos.com.ar\/web\/\",\"name\":\"BsDesarrollos\",\"description\":\"Soporte T\u00e9cnico IT\",\"potentialAction\":[{\"@type\":\"SearchAction\",\"target\":{\"@type\":\"EntryPoint\",\"urlTemplate\":\"https:\/\/bsdesarrollos.com.ar\/web\/?s={search_term_string}\"},\"query-input\":{\"@type\":\"PropertyValueSpecification\",\"valueRequired\":true,\"valueName\":\"search_term_string\"}}],\"inLanguage\":\"es-AR\"}]}<\/script>\n<!-- \/ Yoast SEO plugin. -->","yoast_head_json":{"title":"Preguntas Frecuentes - BsDesarrollos","description":"El soporte t\u00e9cnico PyME es una soluci\u00f3n integral a cualquier imprevisto o problema que pueda surgir en el d\u00eda a d\u00eda de su empresa","robots":{"index":"index","follow":"follow","max-snippet":"max-snippet:-1","max-image-preview":"max-image-preview:large","max-video-preview":"max-video-preview:-1"},"canonical":"https:\/\/bsdesarrollos.com.ar\/web\/preguntas-frecuentes\/","og_locale":"es_ES","og_type":"article","og_title":"Preguntas Frecuentes - BsDesarrollos","og_description":"El soporte t\u00e9cnico PyME es una soluci\u00f3n integral a cualquier imprevisto o problema que pueda surgir en el d\u00eda a d\u00eda de su empresa","og_url":"https:\/\/bsdesarrollos.com.ar\/web\/preguntas-frecuentes\/","og_site_name":"BsDesarrollos","article_modified_time":"2022-06-30T13:13:03+00:00","twitter_card":"summary_large_image","twitter_misc":{"Tiempo de lectura":"1 minuto"},"schema":{"@context":"https:\/\/schema.org","@graph":[{"@type":"WebPage","@id":"https:\/\/bsdesarrollos.com.ar\/web\/preguntas-frecuentes\/","url":"https:\/\/bsdesarrollos.com.ar\/web\/preguntas-frecuentes\/","name":"Preguntas Frecuentes - BsDesarrollos","isPartOf":{"@id":"https:\/\/bsdesarrollos.com.ar\/web\/#website"},"datePublished":"2020-06-08T03:54:14+00:00","dateModified":"2022-06-30T13:13:03+00:00","description":"El soporte t\u00e9cnico PyME es una soluci\u00f3n integral a cualquier imprevisto o problema que pueda surgir en el d\u00eda a d\u00eda de su empresa","inLanguage":"es-AR","potentialAction":[{"@type":"ReadAction","target":["https:\/\/bsdesarrollos.com.ar\/web\/preguntas-frecuentes\/"]}]},{"@type":"WebSite","@id":"https:\/\/bsdesarrollos.com.ar\/web\/#website","url":"https:\/\/bsdesarrollos.com.ar\/web\/","name":"BsDesarrollos","description":"Soporte T\u00e9cnico IT","potentialAction":[{"@type":"SearchAction","target":{"@type":"EntryPoint","urlTemplate":"https:\/\/bsdesarrollos.com.ar\/web\/?s={search_term_string}"},"query-input":{"@type":"PropertyValueSpecification","valueRequired":true,"valueName":"search_term_string"}}],"inLanguage":"es-AR"}]}},"_links":{"self":[{"href":"https:\/\/bsdesarrollos.com.ar\/web\/wp-json\/wp\/v2\/pages\/60","targetHints":{"allow":["GET"]}}],"collection":[{"href":"https:\/\/bsdesarrollos.com.ar\/web\/wp-json\/wp\/v2\/pages"}],"about":[{"href":"https:\/\/bsdesarrollos.com.ar\/web\/wp-json\/wp\/v2\/types\/page"}],"author":[{"embeddable":true,"href":"https:\/\/bsdesarrollos.com.ar\/web\/wp-json\/wp\/v2\/users\/2"}],"replies":[{"embeddable":true,"href":"https:\/\/bsdesarrollos.com.ar\/web\/wp-json\/wp\/v2\/comments?post=60"}],"version-history":[{"count":8,"href":"https:\/\/bsdesarrollos.com.ar\/web\/wp-json\/wp\/v2\/pages\/60\/revisions"}],"predecessor-version":[{"id":634,"href":"https:\/\/bsdesarrollos.com.ar\/web\/wp-json\/wp\/v2\/pages\/60\/revisions\/634"}],"wp:attachment":[{"href":"https:\/\/bsdesarrollos.com.ar\/web\/wp-json\/wp\/v2\/media?parent=60"}],"curies":[{"name":"wp","href":"https:\/\/api.w.org\/{rel}","templated":true}]}}