{"id":66,"date":"2020-06-03T09:16:44","date_gmt":"2020-06-03T09:16:44","guid":{"rendered":"http:\/\/itinc.themesion.com\/demo1\/?page_id=12826"},"modified":"2022-06-29T03:05:14","modified_gmt":"2022-06-29T03:05:14","slug":"nuestra-historia","status":"publish","type":"page","link":"https:\/\/bsdesarrollos.com.ar\/web\/nuestra-historia\/","title":{"rendered":"Nuestra historia"},"content":{"rendered":"\t\t<div data-elementor-type=\"wp-page\" data-elementor-id=\"66\" class=\"elementor elementor-66\">\n\t\t\t\t\t\t<div class=\"elementor-section elementor-top-section elementor-element elementor-element-ba73190 thsn-bg-color-yes thsn-elementor-bg-color-light elementor-section-stretched thsn-col-stretched-none thsn-bg-color-over-image elementor-section-boxed elementor-section-height-default elementor-section-height-default\" data-id=\"ba73190\" data-element_type=\"section\" data-settings=\"{&quot;stretch_section&quot;:&quot;section-stretched&quot;}\">\n\t\t\t\t\t\t<div class=\"elementor-container elementor-column-gap-no\">\n\t\t\t\t\t<div class=\"elementor-column elementor-col-100 elementor-top-column elementor-element elementor-element-d79067f thsn-bg-color-over-image\" data-id=\"d79067f\" data-element_type=\"column\">\n\t\t\t<div class=\"elementor-widget-wrap elementor-element-populated\">\n\t\t\t\t\t\t<div class=\"elementor-section elementor-inner-section elementor-element elementor-element-1d1180e thsn-col-stretched-none thsn-bg-color-over-image elementor-section-boxed elementor-section-height-default elementor-section-height-default\" data-id=\"1d1180e\" data-element_type=\"section\">\n\t\t\t\t\t\t<div class=\"elementor-container elementor-column-gap-no\">\n\t\t\t\t\t<div class=\"elementor-column elementor-col-50 elementor-inner-column elementor-element elementor-element-708d1b7 thsn-bg-color-over-image\" data-id=\"708d1b7\" data-element_type=\"column\">\n\t\t\t<div class=\"elementor-widget-wrap elementor-element-populated\">\n\t\t\t\t\t\t<div class=\"elementor-element elementor-element-76618e3 thsn-align-left elementor-widget elementor-widget-thsn_heading\" data-id=\"76618e3\" data-element_type=\"widget\" data-widget_type=\"thsn_heading.default\">\n\t\t\t\t<div class=\"elementor-widget-container\">\n\t\t\t\t\t\t<div class=\"thsn-heading-subheading left-align thsn-reverse-heading-yes\"><h4 class=\"thsn-element-subtitle\">\r\n\t\t\t\r\n\t\t\t\tprogresamos d\u00eda a d\u00eda\r\n\t\t\t\r\n\t\t\t<\/h4>\r\n\t\t<h2 class=\"thsn-element-title\">\r\n\t\t\t\r\n\t\t\t\tTrabajamos para que su negocio crezca y tenga \u00e9xito\r\n\t\t\t\r\n\t\t\t<\/h2>\r\n\t\t<\/div>\t\t\t\t<\/div>\n\t\t\t\t<\/div>\n\t\t\t\t\t<\/div>\n\t\t<\/div>\n\t\t\t\t<div class=\"elementor-column elementor-col-50 elementor-inner-column elementor-element elementor-element-dfc897b thsn-bg-color-over-image\" data-id=\"dfc897b\" data-element_type=\"column\">\n\t\t\t<div class=\"elementor-widget-wrap elementor-element-populated\">\n\t\t\t\t\t\t<div class=\"elementor-element elementor-element-c82164c elementor-widget elementor-widget-text-editor\" data-id=\"c82164c\" data-element_type=\"widget\" data-widget_type=\"text-editor.default\">\n\t\t\t\t<div class=\"elementor-widget-container\">\n\t\t\t\t\t\t\t\t\t<p>Nos distinguimos por estar a la vanguardia en las \u00faltimas tecnolog\u00edas para el \u00e1rea IT, lo que nos permite proporcionar un excelente servicio con costos accesibles.<br \/>Nuestro servicio ofrece una cobertura integral que incluye: soporte remoto y Soporte On Site (Presencial).<\/p>\t\t\t\t\t\t\t\t<\/div>\n\t\t\t\t<\/div>\n\t\t\t\t\t<\/div>\n\t\t<\/div>\n\t\t\t\t\t<\/div>\n\t\t<\/div>\n\t\t\t\t<div class=\"elementor-section elementor-inner-section elementor-element elementor-element-ea43d1f thsn-ihbox-border thsn-col-stretched-none thsn-bg-color-over-image elementor-section-boxed elementor-section-height-default elementor-section-height-default\" data-id=\"ea43d1f\" data-element_type=\"section\">\n\t\t\t\t\t\t<div class=\"elementor-container elementor-column-gap-no\">\n\t\t\t\t\t<div class=\"elementor-column elementor-col-25 elementor-inner-column elementor-element elementor-element-204e520 thsn-bg-color-over-image\" data-id=\"204e520\" data-element_type=\"column\">\n\t\t\t<div class=\"elementor-widget-wrap elementor-element-populated\">\n\t\t\t\t\t\t<div class=\"elementor-element elementor-element-12870fb elementor-widget elementor-widget-thsn_icon_heading\" data-id=\"12870fb\" data-element_type=\"widget\" data-widget_type=\"thsn_icon_heading.default\">\n\t\t\t\t<div class=\"elementor-widget-container\">\n\t\t\t\t\t<div class=\"thsn-ihbox thsn-ihbox-style-2\"><div class=\"thsn-ihbox-box\">\r\n\t<div class=\"thsn-ihbox-headingicon\">\r\n\t\t<div class=\"thsn-ihbox-icon\"><div class=\"thsn-ihbox-icon-wrapper\"><i class=\"thsn-itinc-icon thsn-itinc-icon-tv-screen\"><\/i><\/div><\/div>\t\t<div class=\"thsn-ihbox-box-number\">01<\/div>\t\t<div class=\"thsn-ihbox-contents\">\r\n\t\t\t\t\t\t<h2 class=\"thsn-element-title\">\r\n\t\t\t\t\t\r\n\t\t\t\t\t\tSoporte IT \r\n\t\t\t\t\t\r\n\t\t\t\t\t<\/h2>\r\n\t\t\t\t\t\t\t\r\n\t\t\t<div class=\"thsn-heading-desc\">Nos encargamos de soluciones IT relacionadas a Servidores presenciales y remotas<\/div>\t\t\t\t\t<\/div><!-- .thsn-ihbox-contents -->\r\n\t<\/div>\r\n<\/div>\r\n<\/div>\t\t\t\t<\/div>\n\t\t\t\t<\/div>\n\t\t\t\t\t<\/div>\n\t\t<\/div>\n\t\t\t\t<div class=\"elementor-column elementor-col-25 elementor-inner-column elementor-element elementor-element-b11ecf0 thsn-bg-color-over-image\" data-id=\"b11ecf0\" data-element_type=\"column\">\n\t\t\t<div class=\"elementor-widget-wrap elementor-element-populated\">\n\t\t\t\t\t\t<div class=\"elementor-element elementor-element-774e3fa elementor-widget elementor-widget-thsn_icon_heading\" data-id=\"774e3fa\" data-element_type=\"widget\" data-widget_type=\"thsn_icon_heading.default\">\n\t\t\t\t<div class=\"elementor-widget-container\">\n\t\t\t\t\t<div class=\"thsn-ihbox thsn-ihbox-style-2\"><div class=\"thsn-ihbox-box\">\r\n\t<div class=\"thsn-ihbox-headingicon\">\r\n\t\t<div class=\"thsn-ihbox-icon\"><div class=\"thsn-ihbox-icon-wrapper\"><i class=\"thsn-itinc-icon thsn-itinc-icon-server-2\"><\/i><\/div><\/div>\t\t<div class=\"thsn-ihbox-box-number\">02<\/div>\t\t<div class=\"thsn-ihbox-contents\">\r\n\t\t\t\t\t\t<h2 class=\"thsn-element-title\">\r\n\t\t\t\t\t\r\n\t\t\t\t\t\tredes \r\n\t\t\t\t\t\r\n\t\t\t\t\t<\/h2>\r\n\t\t\t\t\t\t\t\r\n\t\t\t<div class=\"thsn-heading-desc\">Sabemos la importancia de las comunicaciones por eso no ocupamos de su empresa \n<\/div>\t\t\t\t\t<\/div><!-- .thsn-ihbox-contents -->\r\n\t<\/div>\r\n<\/div>\r\n<\/div>\t\t\t\t<\/div>\n\t\t\t\t<\/div>\n\t\t\t\t\t<\/div>\n\t\t<\/div>\n\t\t\t\t<div class=\"elementor-column elementor-col-25 elementor-inner-column elementor-element elementor-element-14fb57a thsn-bg-color-over-image\" data-id=\"14fb57a\" data-element_type=\"column\">\n\t\t\t<div class=\"elementor-widget-wrap elementor-element-populated\">\n\t\t\t\t\t\t<div class=\"elementor-element elementor-element-fda3ed3 elementor-widget elementor-widget-thsn_icon_heading\" data-id=\"fda3ed3\" data-element_type=\"widget\" data-widget_type=\"thsn_icon_heading.default\">\n\t\t\t\t<div class=\"elementor-widget-container\">\n\t\t\t\t\t<div class=\"thsn-ihbox thsn-ihbox-style-2\"><div class=\"thsn-ihbox-box\">\r\n\t<div class=\"thsn-ihbox-headingicon\">\r\n\t\t<div class=\"thsn-ihbox-icon\"><div class=\"thsn-ihbox-icon-wrapper\"><i class=\"thsn-itinc-icon thsn-itinc-icon-call-center\"><\/i><\/div><\/div>\t\t<div class=\"thsn-ihbox-box-number\">03<\/div>\t\t<div class=\"thsn-ihbox-contents\">\r\n\t\t\t\t\t\t<h2 class=\"thsn-element-title\">\r\n\t\t\t\t\t\r\n\t\t\t\t\t\tConsultor\u00eda de qa \r\n\t\t\t\t\t\r\n\t\t\t\t\t<\/h2>\r\n\t\t\t\t\t\t\t\r\n\t\t\t<div class=\"thsn-heading-desc\">Sabemos que la calidad del testing depende en gran medida del conocimiento <\/div>\t\t\t\t\t<\/div><!-- .thsn-ihbox-contents -->\r\n\t<\/div>\r\n<\/div>\r\n<\/div>\t\t\t\t<\/div>\n\t\t\t\t<\/div>\n\t\t\t\t\t<\/div>\n\t\t<\/div>\n\t\t\t\t<div class=\"elementor-column elementor-col-25 elementor-inner-column elementor-element elementor-element-19c641e thsn-bg-color-over-image\" data-id=\"19c641e\" data-element_type=\"column\">\n\t\t\t<div class=\"elementor-widget-wrap elementor-element-populated\">\n\t\t\t\t\t\t<div class=\"elementor-element elementor-element-3d64d7b elementor-widget elementor-widget-thsn_icon_heading\" data-id=\"3d64d7b\" data-element_type=\"widget\" data-widget_type=\"thsn_icon_heading.default\">\n\t\t\t\t<div class=\"elementor-widget-container\">\n\t\t\t\t\t<div class=\"thsn-ihbox thsn-ihbox-style-2\"><div class=\"thsn-ihbox-box\">\r\n\t<div class=\"thsn-ihbox-headingicon\">\r\n\t\t<div class=\"thsn-ihbox-icon\"><div class=\"thsn-ihbox-icon-wrapper\"><i class=\"sgicon sgicon-CompactCamera\"><\/i><\/div><\/div>\t\t<div class=\"thsn-ihbox-box-number\">04<\/div>\t\t<div class=\"thsn-ihbox-contents\">\r\n\t\t\t\t\t\t<h2 class=\"thsn-element-title\">\r\n\t\t\t\t\t\r\n\t\t\t\t\t\tC\u00e1maras de seguridad\r\n\t\t\t\t\t\r\n\t\t\t\t\t<\/h2>\r\n\t\t\t\t\t\t\t\r\n\t\t\t<div class=\"thsn-heading-desc\">Nos encargamos de las c\u00e1maras de seguridad y de los controles de acceso de su empresa\n<\/div>\t\t\t\t\t<\/div><!-- .thsn-ihbox-contents -->\r\n\t<\/div>\r\n<\/div>\r\n<\/div>\t\t\t\t<\/div>\n\t\t\t\t<\/div>\n\t\t\t\t\t<\/div>\n\t\t<\/div>\n\t\t\t\t\t<\/div>\n\t\t<\/div>\n\t\t\t\t\t<\/div>\n\t\t<\/div>\n\t\t\t\t\t<\/div>\n\t\t<\/div>\n\t\t\t\t<section class=\"elementor-section elementor-top-section elementor-element elementor-element-4830c1a thsn-bg-color-yes thsn-elementor-bg-color-white elementor-section-stretched thsn-col-stretched-none thsn-bg-color-over-image elementor-section-boxed elementor-section-height-default elementor-section-height-default\" data-id=\"4830c1a\" data-element_type=\"section\" data-settings=\"{&quot;stretch_section&quot;:&quot;section-stretched&quot;}\">\n\t\t\t\t\t\t<div class=\"elementor-container elementor-column-gap-no\">\n\t\t\t\t\t<div class=\"elementor-column elementor-col-100 elementor-top-column elementor-element elementor-element-87523ed thsn-bg-color-over-image\" data-id=\"87523ed\" data-element_type=\"column\">\n\t\t\t<div class=\"elementor-widget-wrap elementor-element-populated\">\n\t\t\t\t\t\t<div class=\"elementor-element elementor-element-35c4b5f elementor-widget elementor-widget-thsn_timeline_element\" data-id=\"35c4b5f\" data-element_type=\"widget\" data-widget_type=\"thsn_timeline_element.default\">\n\t\t\t\t<div class=\"elementor-widget-container\">\n\t\t\t\t\t\r\n\t\t<div class=\"thsn-timeline\">\r\n\r\n\t\t\t<div class=\"thsn-ele-header-area\">\r\n\t\t\t\t\t<div class=\"thsn-heading-subheading \"><\/div>\t\t\t<\/div>\r\n\r\n\t\t\t\r\n\t\t\t\t\t<div class=\"thsn-timeline-inner\">\r\n\t\t\t\t\t\t<div class=\" col-sm-12 thsn-ourhistory thsn-ourhistory-type2 \">\r\n\t\t\t\t\t\t\t<div class=\"row thsn-ourhistory-row\">\r\n\r\n\t\t\t\t\t\t\t\t<div class=\"col-md-2 thsn-ourhistory-left\">\r\n\t\t\t\t\t\t\t\t\t<span class=\"label\">2007<\/span>\r\n\t\t\t\t\t\t\t\t<\/div>\r\n\t\t\t\t\t\t\t\t<div class=\"col-md-10 col-sm-10 col-xs-10 thsn-ourhistory-right\">\r\n\t\t\t\t\t\t\t\t\t<span class=\"thsn-timeline-image\"><img decoding=\"async\" src=\"https:\/\/bsdesarrollos.com.ar\/web\/wp-content\/uploads\/2022\/06\/historia1.jpg\" alt=\"Comienzo de nuestra compa\u00f1ia\" \/><\/span>\r\n\t\t\t\t\t\t\t\t\t<span class=\"label\">2007<\/span>\r\n\t\t\t\t\t\t\t\t\t<div class=\"content\">\r\n\t\t\t\t\t\t\t\t\t\t<h4>Comienzo de nuestra compa\u00f1ia<\/h4>\r\n\t\t\t\t\t\t\t\t\t\t<div class=\"simple-text\">\r\n\t\t\t\t\t\t\t\t\t\t\t<p>Siempre tuvimos en claro el motivo por el cual queriamos posicionarnos en el sector tecnol\u00f3gico. Trabajamos con el concepto de Seguridad Preventiva. Transformamos las ideas en productos y servicios innovadores. Sabemos que una de las necesidades m\u00e1s importantes de las empresas es la compra de todo tipo de hardware<\/p>\r\n\t\t\t\t\t\t\t\t\t\t<\/div>\r\n\r\n\t\t\t\t\t\t\t\t\t\t<img decoding=\"async\" src=\"https:\/\/bsdesarrollos.com.ar\/web\/wp-content\/uploads\/2022\/06\/historia1.jpg\" alt=\"Comienzo de nuestra compa\u00f1ia\" \/>\r\n\t\t\t\t\t\t\t\t\t<\/div>\r\n\t\t\t\t\t\t\t\t<\/div>\r\n\t\t\t\t\t\t\t<\/div> \r\n\t\t\t\t\t\t<\/div>\r\n\t\t\t\t\t<\/div>\r\n\r\n\t\t\t\t\r\n\t\t\t\t\t<div class=\"thsn-timeline-inner\">\r\n\t\t\t\t\t\t<div class=\" col-sm-12 thsn-ourhistory thsn-ourhistory-type2 \">\r\n\t\t\t\t\t\t\t<div class=\"row thsn-ourhistory-row\">\r\n\r\n\t\t\t\t\t\t\t\t<div class=\"col-md-2 thsn-ourhistory-left\">\r\n\t\t\t\t\t\t\t\t\t<span class=\"label\">2012<\/span>\r\n\t\t\t\t\t\t\t\t<\/div>\r\n\t\t\t\t\t\t\t\t<div class=\"col-md-10 col-sm-10 col-xs-10 thsn-ourhistory-right\">\r\n\t\t\t\t\t\t\t\t\t<span class=\"thsn-timeline-image\"><img decoding=\"async\" src=\"https:\/\/bsdesarrollos.com.ar\/web\/wp-content\/uploads\/2022\/06\/historia2.jpg\" alt=\"Ampliamos nuestro capital profesional\" \/><\/span>\r\n\t\t\t\t\t\t\t\t\t<span class=\"label\">2012<\/span>\r\n\t\t\t\t\t\t\t\t\t<div class=\"content\">\r\n\t\t\t\t\t\t\t\t\t\t<h4>Ampliamos nuestro capital profesional<\/h4>\r\n\t\t\t\t\t\t\t\t\t\t<div class=\"simple-text\">\r\n\t\t\t\t\t\t\t\t\t\t\t<p>Sabemos que el capital humano es la herramienta con mayor potencialidad que podemos tener, por ese motivo ampliamos el n\u00famero de nuestros profesionales capacitandolos con las m\u00e1s altas tecnolog\u00edas del mercado.<\/p>\r\n\t\t\t\t\t\t\t\t\t\t<\/div>\r\n\r\n\t\t\t\t\t\t\t\t\t\t<img decoding=\"async\" src=\"https:\/\/bsdesarrollos.com.ar\/web\/wp-content\/uploads\/2022\/06\/historia2.jpg\" alt=\"Ampliamos nuestro capital profesional\" \/>\r\n\t\t\t\t\t\t\t\t\t<\/div>\r\n\t\t\t\t\t\t\t\t<\/div>\r\n\t\t\t\t\t\t\t<\/div> \r\n\t\t\t\t\t\t<\/div>\r\n\t\t\t\t\t<\/div>\r\n\r\n\t\t\t\t\r\n\t\t\t\t\t<div class=\"thsn-timeline-inner\">\r\n\t\t\t\t\t\t<div class=\" col-sm-12 thsn-ourhistory thsn-ourhistory-type2 \">\r\n\t\t\t\t\t\t\t<div class=\"row thsn-ourhistory-row\">\r\n\r\n\t\t\t\t\t\t\t\t<div class=\"col-md-2 thsn-ourhistory-left\">\r\n\t\t\t\t\t\t\t\t\t<span class=\"label\">2019<\/span>\r\n\t\t\t\t\t\t\t\t<\/div>\r\n\t\t\t\t\t\t\t\t<div class=\"col-md-10 col-sm-10 col-xs-10 thsn-ourhistory-right\">\r\n\t\t\t\t\t\t\t\t\t<span class=\"thsn-timeline-image\"><img decoding=\"async\" src=\"https:\/\/bsdesarrollos.com.ar\/web\/wp-content\/uploads\/2022\/06\/historia3.jpg\" alt=\"Comenzamos una era remota\" \/><\/span>\r\n\t\t\t\t\t\t\t\t\t<span class=\"label\">2019<\/span>\r\n\t\t\t\t\t\t\t\t\t<div class=\"content\">\r\n\t\t\t\t\t\t\t\t\t\t<h4>Comenzamos una era remota<\/h4>\r\n\t\t\t\t\t\t\t\t\t\t<div class=\"simple-text\">\r\n\t\t\t\t\t\t\t\t\t\t\t<p>Para entonces explot\u00f3 una pandemia y en pocos d\u00edas millones de empresas y personas de todo el mundo nos vimos obligadas a aislarnos y a repensar nuestros oficios y profesiones desde casa, muchos por primera vez. La tecnolog\u00eda, expresada en conectividad y comunicaci\u00f3n, se hizo indispensable, y una catarata de videollamadas, aulas virtuales y capacitaciones sobre la marcha nos arrojaron adentro de una nueva realidad, porque llamarla normalidad ser\u00eda subestimar estos tiempos. Es vivir una pandemia e intentar trabajar a distancia en el medio. Es cierto que este contexto nos obliga a aprender nuevas maneras de gestionar nuestras horas de trabajo, reconvertir nuestros servicios y hasta repensar c\u00f3mo y para qu\u00e9 hacemos lo que hacemos.<\/p>\r\n\t\t\t\t\t\t\t\t\t\t<\/div>\r\n\r\n\t\t\t\t\t\t\t\t\t\t<img decoding=\"async\" src=\"https:\/\/bsdesarrollos.com.ar\/web\/wp-content\/uploads\/2022\/06\/historia3.jpg\" alt=\"Comenzamos una era remota\" \/>\r\n\t\t\t\t\t\t\t\t\t<\/div>\r\n\t\t\t\t\t\t\t\t<\/div>\r\n\t\t\t\t\t\t\t<\/div> \r\n\t\t\t\t\t\t<\/div>\r\n\t\t\t\t\t<\/div>\r\n\r\n\t\t\t\t\r\n\t\t\t\t\t<div class=\"thsn-timeline-inner\">\r\n\t\t\t\t\t\t<div class=\" col-sm-12 thsn-ourhistory thsn-ourhistory-type2 \">\r\n\t\t\t\t\t\t\t<div class=\"row thsn-ourhistory-row\">\r\n\r\n\t\t\t\t\t\t\t\t<div class=\"col-md-2 thsn-ourhistory-left\">\r\n\t\t\t\t\t\t\t\t\t<span class=\"label\">2022<\/span>\r\n\t\t\t\t\t\t\t\t<\/div>\r\n\t\t\t\t\t\t\t\t<div class=\"col-md-10 col-sm-10 col-xs-10 thsn-ourhistory-right\">\r\n\t\t\t\t\t\t\t\t\t<span class=\"thsn-timeline-image\"><img decoding=\"async\" src=\"https:\/\/bsdesarrollos.com.ar\/web\/wp-content\/uploads\/2022\/06\/historia4.jpg\" alt=\"Ampliamos nuestros servicios\" \/><\/span>\r\n\t\t\t\t\t\t\t\t\t<span class=\"label\">2022<\/span>\r\n\t\t\t\t\t\t\t\t\t<div class=\"content\">\r\n\t\t\t\t\t\t\t\t\t\t<h4>Ampliamos nuestros servicios<\/h4>\r\n\t\t\t\t\t\t\t\t\t\t<div class=\"simple-text\">\r\n\t\t\t\t\t\t\t\t\t\t\t<p>Los tiempos avanzaron y situaci\u00f3n global nos vio obligados a expandirnos a nivel servicios. Abarcando \u00e1reas relacionadas a las videocomunicaciones, c\u00e1maras de seguridad y controles de acceso.<\/p>\r\n\t\t\t\t\t\t\t\t\t\t<\/div>\r\n\r\n\t\t\t\t\t\t\t\t\t\t<img decoding=\"async\" src=\"https:\/\/bsdesarrollos.com.ar\/web\/wp-content\/uploads\/2022\/06\/historia4.jpg\" alt=\"Ampliamos nuestros servicios\" \/>\r\n\t\t\t\t\t\t\t\t\t<\/div>\r\n\t\t\t\t\t\t\t\t<\/div>\r\n\t\t\t\t\t\t\t<\/div> \r\n\t\t\t\t\t\t<\/div>\r\n\t\t\t\t\t<\/div>\r\n\r\n\t\t\t\t\r\n\t\t<\/div>\r\n\r\n\t    \t\t\t\t<\/div>\n\t\t\t\t<\/div>\n\t\t\t\t\t<\/div>\n\t\t<\/div>\n\t\t\t\t\t<\/div>\n\t\t<\/section>\n\t\t\t\t<\/div>\n\t\t","protected":false},"excerpt":{"rendered":"<p>progresamos d\u00eda a d\u00eda Trabajamos para que su negocio crezca y tenga \u00e9xito Nos distinguimos por estar a la vanguardia en las \u00faltimas tecnolog\u00edas para el \u00e1rea IT, lo que nos permite proporcionar un excelente servicio con costos accesibles. Nuestro servicio ofrece una cobertura integral que incluye: soporte remoto y Soporte On Site (Presencial). 01 Soporte IT Nos encargamos de soluciones IT relacionadas a Servidores presenciales y remotas 02 redes[&hellip;]<\/p>\n","protected":false},"author":2,"featured_media":0,"parent":0,"menu_order":10,"comment_status":"closed","ping_status":"closed","template":"","meta":{"_acf_changed":false,"footnotes":""},"class_list":["post-66","page","type-page","status-publish","hentry"],"acf":[],"yoast_head":"<!-- This site is optimized with the Yoast SEO plugin v25.4 - https:\/\/yoast.com\/wordpress\/plugins\/seo\/ -->\n<title>Nuestra historia - BsDesarrollos - Soporte para Pymes<\/title>\n<meta name=\"description\" content=\"Soporte para Pymes . Nuestro servicio ofrece una cobertura integral que incluye: soporte remoto y Soporte On Site (Presencial).\" \/>\n<meta name=\"robots\" content=\"index, follow, max-snippet:-1, max-image-preview:large, max-video-preview:-1\" \/>\n<link rel=\"canonical\" href=\"https:\/\/bsdesarrollos.com.ar\/web\/nuestra-historia\/\" \/>\n<meta property=\"og:locale\" content=\"es_ES\" \/>\n<meta property=\"og:type\" content=\"article\" \/>\n<meta property=\"og:title\" content=\"Nuestra historia - BsDesarrollos - Soporte para Pymes\" \/>\n<meta property=\"og:description\" content=\"Soporte para Pymes . Nuestro servicio ofrece una cobertura integral que incluye: soporte remoto y Soporte On Site (Presencial).\" \/>\n<meta property=\"og:url\" content=\"https:\/\/bsdesarrollos.com.ar\/web\/nuestra-historia\/\" \/>\n<meta property=\"og:site_name\" content=\"BsDesarrollos\" \/>\n<meta property=\"article:modified_time\" content=\"2022-06-29T03:05:14+00:00\" \/>\n<meta property=\"og:image\" content=\"http:\/\/bsdesarrollos.com.ar\/web\/wp-content\/uploads\/2022\/06\/historia1.jpg\" \/>\n<meta name=\"twitter:card\" content=\"summary_large_image\" \/>\n<meta name=\"twitter:label1\" content=\"Tiempo de lectura\" \/>\n\t<meta name=\"twitter:data1\" content=\"4 minutos\" \/>\n<script type=\"application\/ld+json\" class=\"yoast-schema-graph\">{\"@context\":\"https:\/\/schema.org\",\"@graph\":[{\"@type\":\"WebPage\",\"@id\":\"https:\/\/bsdesarrollos.com.ar\/web\/nuestra-historia\/\",\"url\":\"https:\/\/bsdesarrollos.com.ar\/web\/nuestra-historia\/\",\"name\":\"Nuestra historia - BsDesarrollos - Soporte para Pymes\",\"isPartOf\":{\"@id\":\"https:\/\/bsdesarrollos.com.ar\/web\/#website\"},\"primaryImageOfPage\":{\"@id\":\"https:\/\/bsdesarrollos.com.ar\/web\/nuestra-historia\/#primaryimage\"},\"image\":{\"@id\":\"https:\/\/bsdesarrollos.com.ar\/web\/nuestra-historia\/#primaryimage\"},\"thumbnailUrl\":\"http:\/\/bsdesarrollos.com.ar\/web\/wp-content\/uploads\/2022\/06\/historia1.jpg\",\"datePublished\":\"2020-06-03T09:16:44+00:00\",\"dateModified\":\"2022-06-29T03:05:14+00:00\",\"description\":\"Soporte para Pymes . Nuestro servicio ofrece una cobertura integral que incluye: soporte remoto y Soporte On Site (Presencial).\",\"inLanguage\":\"es-AR\",\"potentialAction\":[{\"@type\":\"ReadAction\",\"target\":[\"https:\/\/bsdesarrollos.com.ar\/web\/nuestra-historia\/\"]}]},{\"@type\":\"ImageObject\",\"inLanguage\":\"es-AR\",\"@id\":\"https:\/\/bsdesarrollos.com.ar\/web\/nuestra-historia\/#primaryimage\",\"url\":\"http:\/\/bsdesarrollos.com.ar\/web\/wp-content\/uploads\/2022\/06\/historia1.jpg\",\"contentUrl\":\"http:\/\/bsdesarrollos.com.ar\/web\/wp-content\/uploads\/2022\/06\/historia1.jpg\"},{\"@type\":\"WebSite\",\"@id\":\"https:\/\/bsdesarrollos.com.ar\/web\/#website\",\"url\":\"https:\/\/bsdesarrollos.com.ar\/web\/\",\"name\":\"BsDesarrollos\",\"description\":\"Soporte T\u00e9cnico IT\",\"potentialAction\":[{\"@type\":\"SearchAction\",\"target\":{\"@type\":\"EntryPoint\",\"urlTemplate\":\"https:\/\/bsdesarrollos.com.ar\/web\/?s={search_term_string}\"},\"query-input\":{\"@type\":\"PropertyValueSpecification\",\"valueRequired\":true,\"valueName\":\"search_term_string\"}}],\"inLanguage\":\"es-AR\"}]}<\/script>\n<!-- \/ Yoast SEO plugin. -->","yoast_head_json":{"title":"Nuestra historia - BsDesarrollos - Soporte para Pymes","description":"Soporte para Pymes . Nuestro servicio ofrece una cobertura integral que incluye: soporte remoto y Soporte On Site (Presencial).","robots":{"index":"index","follow":"follow","max-snippet":"max-snippet:-1","max-image-preview":"max-image-preview:large","max-video-preview":"max-video-preview:-1"},"canonical":"https:\/\/bsdesarrollos.com.ar\/web\/nuestra-historia\/","og_locale":"es_ES","og_type":"article","og_title":"Nuestra historia - BsDesarrollos - Soporte para Pymes","og_description":"Soporte para Pymes . Nuestro servicio ofrece una cobertura integral que incluye: soporte remoto y Soporte On Site (Presencial).","og_url":"https:\/\/bsdesarrollos.com.ar\/web\/nuestra-historia\/","og_site_name":"BsDesarrollos","article_modified_time":"2022-06-29T03:05:14+00:00","og_image":[{"url":"http:\/\/bsdesarrollos.com.ar\/web\/wp-content\/uploads\/2022\/06\/historia1.jpg","type":"","width":"","height":""}],"twitter_card":"summary_large_image","twitter_misc":{"Tiempo de lectura":"4 minutos"},"schema":{"@context":"https:\/\/schema.org","@graph":[{"@type":"WebPage","@id":"https:\/\/bsdesarrollos.com.ar\/web\/nuestra-historia\/","url":"https:\/\/bsdesarrollos.com.ar\/web\/nuestra-historia\/","name":"Nuestra historia - BsDesarrollos - Soporte para Pymes","isPartOf":{"@id":"https:\/\/bsdesarrollos.com.ar\/web\/#website"},"primaryImageOfPage":{"@id":"https:\/\/bsdesarrollos.com.ar\/web\/nuestra-historia\/#primaryimage"},"image":{"@id":"https:\/\/bsdesarrollos.com.ar\/web\/nuestra-historia\/#primaryimage"},"thumbnailUrl":"http:\/\/bsdesarrollos.com.ar\/web\/wp-content\/uploads\/2022\/06\/historia1.jpg","datePublished":"2020-06-03T09:16:44+00:00","dateModified":"2022-06-29T03:05:14+00:00","description":"Soporte para Pymes . Nuestro servicio ofrece una cobertura integral que incluye: soporte remoto y Soporte On Site (Presencial).","inLanguage":"es-AR","potentialAction":[{"@type":"ReadAction","target":["https:\/\/bsdesarrollos.com.ar\/web\/nuestra-historia\/"]}]},{"@type":"ImageObject","inLanguage":"es-AR","@id":"https:\/\/bsdesarrollos.com.ar\/web\/nuestra-historia\/#primaryimage","url":"http:\/\/bsdesarrollos.com.ar\/web\/wp-content\/uploads\/2022\/06\/historia1.jpg","contentUrl":"http:\/\/bsdesarrollos.com.ar\/web\/wp-content\/uploads\/2022\/06\/historia1.jpg"},{"@type":"WebSite","@id":"https:\/\/bsdesarrollos.com.ar\/web\/#website","url":"https:\/\/bsdesarrollos.com.ar\/web\/","name":"BsDesarrollos","description":"Soporte T\u00e9cnico IT","potentialAction":[{"@type":"SearchAction","target":{"@type":"EntryPoint","urlTemplate":"https:\/\/bsdesarrollos.com.ar\/web\/?s={search_term_string}"},"query-input":{"@type":"PropertyValueSpecification","valueRequired":true,"valueName":"search_term_string"}}],"inLanguage":"es-AR"}]}},"_links":{"self":[{"href":"https:\/\/bsdesarrollos.com.ar\/web\/wp-json\/wp\/v2\/pages\/66","targetHints":{"allow":["GET"]}}],"collection":[{"href":"https:\/\/bsdesarrollos.com.ar\/web\/wp-json\/wp\/v2\/pages"}],"about":[{"href":"https:\/\/bsdesarrollos.com.ar\/web\/wp-json\/wp\/v2\/types\/page"}],"author":[{"embeddable":true,"href":"https:\/\/bsdesarrollos.com.ar\/web\/wp-json\/wp\/v2\/users\/2"}],"replies":[{"embeddable":true,"href":"https:\/\/bsdesarrollos.com.ar\/web\/wp-json\/wp\/v2\/comments?post=66"}],"version-history":[{"count":8,"href":"https:\/\/bsdesarrollos.com.ar\/web\/wp-json\/wp\/v2\/pages\/66\/revisions"}],"predecessor-version":[{"id":494,"href":"https:\/\/bsdesarrollos.com.ar\/web\/wp-json\/wp\/v2\/pages\/66\/revisions\/494"}],"wp:attachment":[{"href":"https:\/\/bsdesarrollos.com.ar\/web\/wp-json\/wp\/v2\/media?parent=66"}],"curies":[{"name":"wp","href":"https:\/\/api.w.org\/{rel}","templated":true}]}}